{"id":23,"date":"2024-04-11T20:21:38","date_gmt":"2024-04-11T18:21:38","guid":{"rendered":"http:\/\/wp.dr-kathrin-wagner.de\/?page_id=23"},"modified":"2024-04-22T18:31:02","modified_gmt":"2024-04-22T16:31:02","slug":"impressum","status":"publish","type":"page","link":"https:\/\/www.dr-kathrin-wagner.de\/?page_id=23","title":{"rendered":"Impressum"},"content":{"rendered":"<div  data-label=\"Cta\" data-id=\"cta--1\" data-export-id=\"cta-centered-section-grid\" data-category=\"cta\" class=\"cta-centered-section-grid content-section content-section-spacing-medium bg-color1 white-text\" id=\"cta-1\" style=\"background-image: none; background-color: rgb(255, 255, 255);\"><div  class=\"gridContainer\"> <div  class=\"row text-center\"><div  class=\"col-xs-12 col-sm-10 col-sm-offset-1 col-md-8 col-md-offset-2\" data-type=\"column\">  <p  class=\"\" style=\"text-align: left;\"><span  style=\"text-decoration: underline; font-weight: 600; color: rgb(144, 145, 146);\">inhaltlich verantwortlich:<\/span><br ><span  style=\"color: rgb(144, 145, 146);\">\nFrau Dr. med. Kathrin Wagner<\/span><br ><span  style=\"color: rgb(144, 145, 146);\">\nFach\u00e4rztin f\u00fcr Frauenheilkunde und Geburtshilfe<\/span><br ><span  style=\"color: rgb(144, 145, 146);\">\nVor dem Kapellentor 1a<\/span><br ><span  style=\"color: rgb(144, 145, 146);\">\n38835 Osterwieck<\/span><br ><span  style=\"color: rgb(144, 145, 146);\">\nTel. 039421- 72387<\/span><br ><span  style=\"color: rgb(144, 145, 146);\">\nFax 039421- 68867\n<\/span><br ><br ><span  style=\"text-decoration: underline; font-weight: 600; color: rgb(144, 145, 146);\">\nAufsichtsbeh\u00f6rde:<\/span><br ><span  style=\"color: rgb(144, 145, 146);\">\nKV Sachsen-Anhalt<\/span><br ><span  style=\"color: rgb(144, 145, 146);\">\nMitglied der \u00c4rztekammer Sachsen-Anhalt<\/span><br ><span  style=\"color: rgb(144, 145, 146);\">\nDie Berufserlaubnis wurde in Deutschland erworben.\n<\/span><br ><br ><span  style=\"text-decoration: underline; font-weight: 600; color: rgb(144, 145, 146);\">\nUrheberrechte:<\/span><br ><span  style=\"color: rgb(144, 145, 146);\">\nDie hier ver\u00f6ffentlichten Daten sind urheberrechtlich gesch\u00fctzt. F\u00fcr Fehler im Text oder falsche Links wird keine Haftung \u00fcbernommen. Die Verwendung der Inhalte bzw. der Bilder ohne schriftliche Genehmigung ist untersagt.<\/span><br ><br ><span  style=\"text-decoration: underline; font-weight: 600; color: rgb(144, 145, 146);\">\nHaftung f\u00fcr Links:<\/span><br ><span  style=\"color: rgb(144, 145, 146);\">\nMit Urteil vom 12. Mai 1998 hat das Landgericht Hamburg entschieden, dass man durch die Ausbringung eines Links die Inhalte der gelinkten Seite ggf. mit zu verantworten hat. Dies kann, so das LG, nur dadurch verhindert werden, dass man sich ausdr\u00fccklich von diesen Inhalten distanziert. Wir haben auf unseren Seiten Links zu anderen Seiten im Internet gelegt. F\u00fcr alle diese Links gilt: Wir erkl\u00e4ren ausdr\u00fccklich, dass wir keinerlei Einfluss auf die Gestaltung und die Inhalte der gelinkten Seiten haben. Deshalb distanzieren wir uns hiermit ausdr\u00fccklich von allen Inhalten aller gelinkten Seiten auf unserer Homepage und machen uns diese Inhalte nicht zu Eigen. Diese Erkl\u00e4rung gilt f\u00fcr alle auf unserer Homepage angezeigten Links und f\u00fcr alle Inhalte der Seiten, zu denen die bei uns sichtbaren Banner, Buttons und Links f\u00fchren.<\/span><\/p> <\/div> <\/div><\/div> <\/div>","protected":false},"excerpt":{"rendered":"<p>inhaltlich verantwortlich: Frau Dr. med. Kathrin Wagner Fach\u00e4rztin f\u00fcr Frauenheilkunde und Geburtshilfe Vor dem Kapellentor 1a 38835 Osterwieck Tel. 039421- 72387 Fax 039421- 68867 Aufsichtsbeh\u00f6rde: KV Sachsen-Anhalt Mitglied der \u00c4rztekammer Sachsen-Anhalt Die Berufserlaubnis wurde in Deutschland erworben. Urheberrechte: Die hier ver\u00f6ffentlichten Daten sind urheberrechtlich gesch\u00fctzt. F\u00fcr Fehler im Text oder falsche Links wird keine Haftung&hellip; <br \/> <a class=\"read-more\" href=\"https:\/\/www.dr-kathrin-wagner.de\/?page_id=23\">Read more<\/a><\/p>\n","protected":false},"author":1,"featured_media":0,"parent":0,"menu_order":0,"comment_status":"closed","ping_status":"closed","template":"pro\/page-templates\/full-width-page.php","meta":{"footnotes":""},"class_list":["post-23","page","type-page","status-publish","hentry"],"_links":{"self":[{"href":"https:\/\/www.dr-kathrin-wagner.de\/index.php?rest_route=\/wp\/v2\/pages\/23","targetHints":{"allow":["GET"]}}],"collection":[{"href":"https:\/\/www.dr-kathrin-wagner.de\/index.php?rest_route=\/wp\/v2\/pages"}],"about":[{"href":"https:\/\/www.dr-kathrin-wagner.de\/index.php?rest_route=\/wp\/v2\/types\/page"}],"author":[{"embeddable":true,"href":"https:\/\/www.dr-kathrin-wagner.de\/index.php?rest_route=\/wp\/v2\/users\/1"}],"replies":[{"embeddable":true,"href":"https:\/\/www.dr-kathrin-wagner.de\/index.php?rest_route=%2Fwp%2Fv2%2Fcomments&post=23"}],"version-history":[{"count":4,"href":"https:\/\/www.dr-kathrin-wagner.de\/index.php?rest_route=\/wp\/v2\/pages\/23\/revisions"}],"predecessor-version":[{"id":104,"href":"https:\/\/www.dr-kathrin-wagner.de\/index.php?rest_route=\/wp\/v2\/pages\/23\/revisions\/104"}],"wp:attachment":[{"href":"https:\/\/www.dr-kathrin-wagner.de\/index.php?rest_route=%2Fwp%2Fv2%2Fmedia&parent=23"}],"curies":[{"name":"wp","href":"https:\/\/api.w.org\/{rel}","templated":true}]}}