{"id":137,"date":"2024-05-01T17:36:01","date_gmt":"2024-05-01T15:36:01","guid":{"rendered":"https:\/\/www.dr-kathrin-wagner.de\/?page_id=137"},"modified":"2024-08-11T06:16:45","modified_gmt":"2024-08-11T04:16:45","slug":"ueber-uns","status":"publish","type":"page","link":"https:\/\/www.dr-kathrin-wagner.de\/?page_id=137","title":{"rendered":"\u00dcber uns"},"content":{"rendered":"<div  data-label=\"Einleitung\" data-id=\"cta--1\" data-export-id=\"cta-centered-section-grid\" data-category=\"cta\" class=\"cta-centered-section-grid content-section content-section-spacing-medium bg-color1 dark-text\" id=\"einleitung\" style=\"background-image: none; background-color: rgb(255, 255, 255);\"><div  class=\"gridContainer\"> <div  class=\"row text-center\"><div  class=\"col-xs-12 col-sm-10 col-sm-offset-1 col-md-8 col-md-offset-2\" data-type=\"column\"> <h2  class=\"\"><span  style=\"font-weight: 300;\">Wir sind f\u00fcr alle Fragen vertrauensvolle Ansprechpartnerinnen<\/span><\/h2> <p  class=\"\">Der Besuch beim Frauenarzt ist eine sehr pers\u00f6nliche und intime Sache. Daher sind unserem Team der pers\u00f6nliche Kontakt sowie der freundliche Umgang mit unseren Patienten sehr wichtig.<\/p> <\/div> <\/div><\/div> <\/div><div  data-label=\"Kathrin\" data-id=\"about--1\" data-export-id=\"about-10\" data-category=\"about\" class=\"about-10 content-section content-section-spacing\" id=\"kathrin\" style=\"background-color: rgb(255, 255, 255);\"><div  class=\"gridContainer\"> <div  class=\"row middle-sm text-center\"><div  class=\"col-sm-5 space-bottom-xs content-column\" data-type=\"column\"> <h5  class=\"\">Dr. med. Kathrin Wagner<\/h5> <h2  class=\"\">Seit 2007 mit\n<span  style=\"font-family: Playfair Display,sans-serif; font-weight: 700; font-style: italic;\" href=\"#\">eigener Praxis\n<\/span>in Osterwieck<\/h2> <p  class=\"\" style=\"text-align: center;\">\nIch habe von 1985 bis 1992 mein Medizinstudium in Magdeburg absolviert und bin seit 1994 approbierte \u00c4rztin und Mitglied der \u00c4rztekammer Sachsen-Anhalt. Nach meiner Facharztausbildung f\u00fcr Frauenheilkunde und Geburtshilfe im Ameos Klinikum Halberstadt war ich von 2001 bis 2007 in der Praxis von Frau Dr. med. Carmen Presch t\u00e4tig. Seit April 2007 bin ich in meiner eigenen Praxis in Osterwieck t\u00e4tig.<\/p> <\/div> <div  class=\"col-sm-7 flexbox middle-xs center-xs space-bottom-xs\"><div  class=\"overlay-box middle-xs center-xs flexbox\"> <div  class=\"overlay-box-offset offset-border shadow-medium border-color1 hide-xs\"><\/div> <img  decoding=\"async\" class=\"shadow-large\" data-size=\"485x705\" src=\"https:\/\/www.dr-kathrin-wagner.de\/wp-content\/uploads\/2024\/05\/cropped-MG_0738_WagnerKathrin_Bpass_003_Original.jpg\" title=\"cropped-MG_0738_WagnerKathrin_Bpass_003_Original.jpg\" alt=\"\"><\/div> <\/div><\/div> <\/div><\/div><div  data-label=\"Content\" data-id=\"content--1\" data-export-id=\"content-5-2\" data-category=\"content\" class=\"content-5-2 content-section content-section-spacing\" id=\"content-1\" style=\"background-color: rgb(255, 255, 255);\"><div  class=\"gridContainer\">  <div  class=\"row middle-sm\"> <div  class=\"col-sm-6 flexbox around-xs top-xs\"> <div  class=\"overlay-box flexbox middle-xs center-xs overlay-holder\"> <div  class=\"overlay-box-offset offset-background shadow-medium bg-color2 hide-xs\"><\/div> <img  decoding=\"async\" class=\"flexbox shadow-large img1\" data-size=\"485x632\" src=\"https:\/\/www.dr-kathrin-wagner.de\/wp-content\/uploads\/2024\/05\/cropped-acupuncture-2956847_1280.jpg\" title=\"cropped-acupuncture-2956847_1280.jpg\" alt=\"\"><\/div> <\/div> <div  class=\"col-sm-6 space-bottom-xs\"> <div  class=\"row space-bottom content-holder\" data-type=\"column\"> <h3  class=\"color2\">Ausbildung f\u00fcr ganzheitliche Behandlungen<\/h3> <p  class=\"\">Neben der klassischen Ausbildung f\u00fcr Frauenheilkunde und Geburtshilfe bilde ich mich regelm\u00e4\u00dfig in ganzheitlichen Behandlungsmethoden fort.<\/p><\/div> <div  class=\"row space-bottom\" data-type=\"row\"><div  class=\"col-sm-6 space-bottom\">  <h5  class=\"\">Akupunktur<\/h5> <p  class=\"\">1996  A-Diplom f\u00fcr Akupunktur<br >2002 Vollqualifikation Akupunktur<\/p><\/div> <div  class=\"col-sm-6\"> <h5  class=\"\">Chinesische Medizin<\/h5> <p  class=\"\">2004 Ausbildungsdiplom Traditionelle Chinesische&nbsp;Medizin Nanjing Universit\u00e4t China<\/p><\/div> <div  class=\"col-sm-6 space-bottom\"> <h5  class=\"\">St\u00f6rherddiagnostik<\/h5> <p  class=\"\">Diplom St\u00f6rherddiagnostik und \u2013 therapie&nbsp;nach Bahr und Nogier<\/p><\/div> <div  class=\"col-sm-6\"> <h5  class=\"\">Ganzheitl. Schmerztherapie<\/h5> <p  class=\"\">Diplom f\u00fcr ganzheitliche Schmerz-therapie&nbsp;(Lasertherapie, TENS, elektrische Nadelstimulation, Phytotherapie und Entspannungs-techniken)<\/p><\/div> <div  class=\"col-sm-6 space-bottom\">  <h5  class=\"\">Hom\u00f6opathie<\/h5> <p  class=\"\">1998-2002 Hom\u00f6opathieausbildung nach Richtlinien der&nbsp;\u00c4rztekammer Sachsen-Anhalt<\/p><\/div><div  class=\"col-sm-6 space-bottom\">  <h5  class=\"\">Pulsresonanzdiagnostik<\/h5> <p  class=\"\">Seit 2013 Ausbildung in Causaler Pulsresonanzdiagnostik&nbsp;und \u2013 therapie<\/p><\/div><\/div><\/div> <\/div><\/div> <\/div><div  data-label=\"Team\" data-id=\"team--2\" data-export-id=\"team-1\" data-category=\"team\" class=\"team-1 content-section content-section-spacing\" id=\"team-2\" style=\"background-color: rgb(245, 250, 253);\"><div  class=\"gridContainer\"> <div  class=\"row text-center\"><div  class=\"section-title-col\" data-type=\"column\"> <h2  class=\"\">Das Team<\/h2> <\/div> <\/div> <div  class=\"row spaced-cols content-center-sm\" data-type=\"row\"> <div  class=\"col-xs-12 col-sm-6 col-md-3\"> <div  class=\"card bottom-border-color1 no-padding no-shadow\"> <img  decoding=\"async\" class=\"face\" src=\"https:\/\/www.dr-kathrin-wagner.de\/wp-content\/uploads\/2024\/05\/cropped-DrKW06-scaled-1.jpg\" title=\"DrKW06\" alt=\"\"> <div  data-type=\"column\" class=\"col-padding-small col-padding-small-xs description-container\"> <h4  class=\"font-500\">Karina M\u00fcller<\/h4> <p  class=\"small\" style=\"font-style: italic;\">Arzthelferin<\/p> <div  class=\"social-icons-group\" data-type=\"group\"> <a href=\"#\" target=\"_self\" data-reiki-hidden=\"true\" rel=\"noopener\"><i  class=\"fa icon fa-facebook-square gray\"><\/i><\/a> <a href=\"#\" target=\"_self\" data-reiki-hidden=\"true\" rel=\"noopener\"><i  class=\"fa icon fa-twitter-square gray\"><\/i><\/a> <a href=\"#\" target=\"_self\" data-reiki-hidden=\"true\" rel=\"noopener\"><i  class=\"fa icon fa-linkedin-square gray\"><\/i><\/a> <a href=\"#\" target=\"_self\" data-reiki-hidden=\"true\" rel=\"noopener\"><i  class=\"fa icon fa-google-plus-square gray\"><\/i><\/a><\/div> <\/div><\/div> <\/div> <div  class=\"col-xs-12 col-sm-6 col-md-3\"> <div  class=\"card bottom-border-color1 no-padding no-shadow\"> <img  decoding=\"async\" class=\"face\" src=\"https:\/\/www.dr-kathrin-wagner.de\/wp-content\/uploads\/2024\/05\/cropped-DrKW15-scaled-1.jpg\" title=\"DrKW15\" alt=\"\"> <div  data-type=\"column\" class=\"col-padding-small col-padding-small-xs description-container\"> <h4  class=\"font-500\">Karin Rose<\/h4> <p  class=\"small\" style=\"font-style: italic;\">Arzthelferin<\/p> <div  class=\"social-icons-group\" data-type=\"group\"> <a href=\"#\" target=\"_self\" data-reiki-hidden=\"true\" rel=\"noopener\"><i  class=\"fa icon fa-facebook-square gray\"><\/i><\/a> <a href=\"#\" target=\"_self\" data-reiki-hidden=\"true\" rel=\"noopener\"><i  class=\"fa icon fa-twitter-square gray\"><\/i><\/a> <a href=\"#\" target=\"_self\" data-reiki-hidden=\"true\" rel=\"noopener\"><i  class=\"fa icon fa-linkedin-square gray\"><\/i><\/a> <a href=\"#\" target=\"_self\" data-reiki-hidden=\"true\" rel=\"noopener\"><i  class=\"fa icon fa-google-plus-square gray\"><\/i><\/a><\/div> <\/div><\/div> <\/div> <div  class=\"col-xs-12 col-sm-6 col-md-3\"> <div  class=\"card bottom-border-color1 no-padding no-shadow\"> <img  decoding=\"async\" class=\"face\" src=\"https:\/\/www.dr-kathrin-wagner.de\/wp-content\/uploads\/2024\/05\/cropped-IMG_2776.jpg\" title=\"cropped-IMG_2776.jpg\" alt=\"\"> <div  data-type=\"column\" class=\"col-padding-small col-padding-small-xs description-container\"> <h4  class=\"font-500\">Kathrin Wilfling<\/h4> <p  class=\"small\" style=\"font-style: italic;\">Arzthelferin<\/p> <div  class=\"social-icons-group\" data-type=\"group\"> <a href=\"#\" target=\"_self\" data-reiki-hidden=\"true\" rel=\"noopener\"><i  class=\"fa icon fa-facebook-square gray\"><\/i><\/a> <a href=\"#\" target=\"_self\" data-reiki-hidden=\"true\" rel=\"noopener\"><i  class=\"fa icon fa-twitter-square gray\"><\/i><\/a> <a href=\"#\" target=\"_self\" data-reiki-hidden=\"true\" rel=\"noopener\"><i  class=\"fa icon fa-linkedin-square gray\"><\/i><\/a> <a href=\"#\" target=\"_self\" data-reiki-hidden=\"true\" rel=\"noopener\"><i  class=\"fa icon fa-google-plus-square gray\"><\/i><\/a><\/div> <\/div><\/div> <\/div> <div  class=\"col-xs-12 col-sm-6 col-md-3\"> <div  class=\"card bottom-border-color1 no-padding no-shadow\"> <img  decoding=\"async\" class=\"face\" src=\"https:\/\/www.dr-kathrin-wagner.de\/wp-content\/uploads\/2024\/05\/cropped-DrKW11-scaled-1.jpg\" title=\"DrKW11\" alt=\"\"> <div  data-type=\"column\" class=\"col-padding-small col-padding-small-xs description-container\"> <h4  class=\"font-500\">Christiane Uehre<\/h4> <p  class=\"small\" style=\"font-style: italic;\">Hebamme<\/p>  <div  class=\"social-icons-group\" data-type=\"group\"> <a href=\"#\" target=\"_self\" data-reiki-hidden=\"true\" rel=\"noopener\"><i  class=\"fa icon fa-facebook-square gray\"><\/i><\/a> <a href=\"#\" target=\"_self\" data-reiki-hidden=\"true\" rel=\"noopener\"><i  class=\"fa icon fa-twitter-square gray\"><\/i><\/a> <a href=\"#\" target=\"_self\" data-reiki-hidden=\"true\" rel=\"noopener\"><i  class=\"fa icon fa-linkedin-square gray\"><\/i><\/a> <a href=\"#\" target=\"_self\" data-reiki-hidden=\"true\" rel=\"noopener\"><i  class=\"fa icon fa-google-plus-square gray\"><\/i><\/a><\/div><\/div><\/div> <\/div> <div  class=\"col-xs-12 col-sm-6 col-md-3\"> <div  class=\"card bottom-border-color1 no-padding no-shadow\"> <img  decoding=\"async\" class=\"face\" src=\"https:\/\/www.dr-kathrin-wagner.de\/wp-content\/uploads\/2024\/05\/cropped-img_6808-crop-u2123.jpg\" title=\"cropped-img_6808-crop-u2123.jpg\" alt=\"\"> <div  data-type=\"column\" class=\"col-padding-small col-padding-small-xs description-container\"> <h4  class=\"font-500\">Angelika Krause<\/h4> <p  class=\"small\" style=\"font-style: italic;\">Hebamme<\/p> <div  class=\"social-icons-group\" data-type=\"group\"> <a href=\"#\" target=\"_self\" data-reiki-hidden=\"true\" rel=\"noopener\"><i  class=\"fa icon fa-facebook-square gray\"><\/i><\/a> <a href=\"#\" target=\"_self\" data-reiki-hidden=\"true\" rel=\"noopener\"><i  class=\"fa icon fa-twitter-square gray\"><\/i><\/a> <a href=\"#\" target=\"_self\" data-reiki-hidden=\"true\" rel=\"noopener\"><i  class=\"fa icon fa-linkedin-square gray\"><\/i><\/a> <a href=\"#\" target=\"_self\" data-reiki-hidden=\"true\" rel=\"noopener\"><i  class=\"fa icon fa-google-plus-square gray\"><\/i><\/a><\/div> <\/div><\/div> <\/div>   <\/div> <\/div><\/div>","protected":false},"excerpt":{"rendered":"<p>Wir sind f\u00fcr alle Fragen vertrauensvolle Ansprechpartnerinnen Der Besuch beim Frauenarzt ist eine sehr pers\u00f6nliche und intime Sache. Daher sind unserem Team der pers\u00f6nliche Kontakt sowie der freundliche Umgang mit unseren Patienten sehr wichtig. Dr. med. Kathrin Wagner Seit 2007 mit eigener Praxis in Osterwieck Ich habe von 1985 bis 1992 mein Medizinstudium in Magdeburg&hellip; <br \/> <a class=\"read-more\" href=\"https:\/\/www.dr-kathrin-wagner.de\/?page_id=137\">Read more<\/a><\/p>\n","protected":false},"author":1,"featured_media":0,"parent":0,"menu_order":0,"comment_status":"closed","ping_status":"closed","template":"pro\/page-templates\/full-width-page.php","meta":{"footnotes":""},"class_list":["post-137","page","type-page","status-publish","hentry"],"_links":{"self":[{"href":"https:\/\/www.dr-kathrin-wagner.de\/index.php?rest_route=\/wp\/v2\/pages\/137","targetHints":{"allow":["GET"]}}],"collection":[{"href":"https:\/\/www.dr-kathrin-wagner.de\/index.php?rest_route=\/wp\/v2\/pages"}],"about":[{"href":"https:\/\/www.dr-kathrin-wagner.de\/index.php?rest_route=\/wp\/v2\/types\/page"}],"author":[{"embeddable":true,"href":"https:\/\/www.dr-kathrin-wagner.de\/index.php?rest_route=\/wp\/v2\/users\/1"}],"replies":[{"embeddable":true,"href":"https:\/\/www.dr-kathrin-wagner.de\/index.php?rest_route=%2Fwp%2Fv2%2Fcomments&post=137"}],"version-history":[{"count":4,"href":"https:\/\/www.dr-kathrin-wagner.de\/index.php?rest_route=\/wp\/v2\/pages\/137\/revisions"}],"predecessor-version":[{"id":169,"href":"https:\/\/www.dr-kathrin-wagner.de\/index.php?rest_route=\/wp\/v2\/pages\/137\/revisions\/169"}],"wp:attachment":[{"href":"https:\/\/www.dr-kathrin-wagner.de\/index.php?rest_route=%2Fwp%2Fv2%2Fmedia&parent=137"}],"curies":[{"name":"wp","href":"https:\/\/api.w.org\/{rel}","templated":true}]}}